{"id":544,"date":"2021-01-16T23:14:20","date_gmt":"2021-01-16T20:14:20","guid":{"rendered":"https:\/\/www.drmustafakarakas.com\/tr\/?page_id=544"},"modified":"2021-01-16T23:14:55","modified_gmt":"2021-01-16T20:14:55","slug":"kulak-estetigi","status":"publish","type":"page","link":"https:\/\/www.drmustafakarakas.com\/tr\/kulak-estetigi","title":{"rendered":"Kulak Esteti\u011fi"},"content":{"rendered":"\t\t<div data-elementor-type=\"wp-page\" data-elementor-id=\"544\" class=\"elementor elementor-544\" data-elementor-settings=\"[]\">\n\t\t\t\t\t\t<div class=\"elementor-inner\">\n\t\t\t\t\t\t\t<div class=\"elementor-section-wrap\">\n\t\t\t\t\t\t\t<section class=\"elementor-section elementor-top-section elementor-element elementor-element-c7fc6b8 elementor-section-boxed elementor-section-height-default elementor-section-height-default\" data-id=\"c7fc6b8\" data-element_type=\"section\">\n\t\t\t\t\t\t<div class=\"elementor-container elementor-column-gap-default\">\n\t\t\t\t\t\t\t<div class=\"elementor-row\">\n\t\t\t\t\t<div class=\"elementor-column elementor-col-50 elementor-top-column elementor-element elementor-element-d2ea68b\" data-id=\"d2ea68b\" data-element_type=\"column\">\n\t\t\t<div class=\"elementor-column-wrap elementor-element-populated\">\n\t\t\t\t\t\t\t<div class=\"elementor-widget-wrap\">\n\t\t\t\t\t\t<div class=\"elementor-element elementor-element-f2ca8bc elementor-widget elementor-widget-text-editor\" data-id=\"f2ca8bc\" data-element_type=\"widget\" data-widget_type=\"text-editor.default\">\n\t\t\t\t<div class=\"elementor-widget-container\">\n\t\t\t\t\t<div class=\"elementor-text-editor elementor-clearfix\"><p>As\u0131l fonksiyonlar\u0131 i\u015fitme olan kulaklar al\u0131\u015f\u0131lmad\u0131k \u015fekillerde kar\u015f\u0131m\u0131za \u00e7\u0131kabiliyor. En s\u0131k d\u0131\u015f kulak deformasyonu kep\u00e7e kulak olarak adland\u0131r\u0131lan, kulaklar\u0131n \u00f6ne do\u011fru k\u0131vr\u0131mlanmas\u0131 durumudur. Kep\u00e7e kulak genellikle \u201colmas\u0131 gerekenden daha b\u00fcy\u00fck kulak\u201d olarak alg\u0131lan\u0131r. H\u00e2lbuki \u00e7ok do\u011fru de\u011fil. Kep\u00e7e kulaklar\u0131 olan bir insan ile normal kulaklar\u0131 olan bir insan\u0131n asl\u0131nda kulak b\u00fcy\u00fckl\u00fc\u011f\u00fc olarak bir fark yoktur. Sorun sadece kulak k\u0131k\u0131rdaklar\u0131n\u0131n \u015fekli ile ilgilidir. Kulak kep\u00e7esinin do\u011fumsal olarak geli\u015fimi s\u0131ras\u0131nda k\u0131vr\u0131mlar\u0131n\u0131n tam olu\u015fmamas\u0131na halk aras\u0131nda kep\u00e7e kulak diyoruz. Kep\u00e7e kulak operasyonuyla kula\u011f\u0131n olu\u015fmam\u0131\u015f k\u0131vr\u0131mlar\u0131n\u0131 cerrahi teknikle yeniden olu\u015fturuyoruz.<\/p><p>Kulak k\u0131vr\u0131mlar\u0131n\u0131n geli\u015fimi 3-4 ya\u015fa kadar devam etmektedir. Ailelere bu ya\u015flar aras\u0131nda herhangi bir operasyon \u00f6nermiyoruz. Genellikle \u00e7ocuk okula ba\u015flamadan \u00f6nce operasyonun yap\u0131lmas\u0131n\u0131 daha uygun buluyoruz. \u00a0Kep\u00e7e kulak problemi olan \u00e7ocuklar okuldaki arkada\u015flar\u0131n\u0131n s\u00f6ylemlerinden psikolojik olarak etkilenebilirler. Ayn\u0131 zamanda bu durum \u00e7ocuklar\u0131n okul ba\u015far\u0131lar\u0131n\u0131 da olumsuz etkileyebilir. Bu nedenle kep\u00e7e kulak operasyonunun okul \u00f6ncesi d\u00f6nemde yap\u0131lmas\u0131 \u00e7ocuk geli\u015fimi a\u00e7\u0131s\u0131ndan daha uygun olabilir.<\/p><\/div>\n\t\t\t\t<\/div>\n\t\t\t\t<\/div>\n\t\t\t\t\t\t<\/div>\n\t\t\t\t\t<\/div>\n\t\t<\/div>\n\t\t\t\t<div class=\"elementor-column elementor-col-50 elementor-top-column elementor-element elementor-element-2608b46\" data-id=\"2608b46\" data-element_type=\"column\">\n\t\t\t<div class=\"elementor-column-wrap elementor-element-populated\">\n\t\t\t\t\t\t\t<div class=\"elementor-widget-wrap\">\n\t\t\t\t\t\t<div class=\"elementor-element elementor-element-eaf2204 elementor-widget elementor-widget-sidebar\" data-id=\"eaf2204\" data-element_type=\"widget\" data-widget_type=\"sidebar.default\">\n\t\t\t\t<div class=\"elementor-widget-container\">\n\t\t\t<aside id=\"text-2\" class=\"widget widget_text\">\t\t\t<div class=\"textwidget\"><div role=\"form\" class=\"wpcf7\" id=\"wpcf7-f5-o1\" lang=\"tr-TR\" dir=\"ltr\">\n<div class=\"screen-reader-response\" role=\"alert\" aria-live=\"polite\"><\/div>\n<form action=\"\/tr\/wp-json\/wp\/v2\/pages\/544#wpcf7-f5-o1\" method=\"post\" class=\"wpcf7-form init\" novalidate=\"novalidate\">\n<div style=\"display: none;\">\n<input type=\"hidden\" name=\"_wpcf7\" value=\"5\" \/><br \/>\n<input type=\"hidden\" name=\"_wpcf7_version\" value=\"5.2.2\" \/><br \/>\n<input type=\"hidden\" name=\"_wpcf7_locale\" value=\"tr_TR\" \/><br \/>\n<input type=\"hidden\" name=\"_wpcf7_unit_tag\" value=\"wpcf7-f5-o1\" \/><br \/>\n<input type=\"hidden\" name=\"_wpcf7_container_post\" value=\"0\" \/><br \/>\n<input type=\"hidden\" name=\"_wpcf7_posted_data_hash\" value=\"\" \/>\n<\/div>\n<div style=\"background-color:#00AAFF; padding:15px 20px 0px; border-radius:5px; \">\n<h2 style=\"color:#fff; font-size:20px; text-align:center;  line-height:45px; margin-top:-3px; font-weight:700;\">DOKTORA SOR?<\/h2>\n<p style=\"color:#fff; text-align:center; line-height:18px; font-size:15px; margin-top:-15px;\">Op. Dr. Mustafa Karaka\u015f merak etti\u011finiz sorular\u0131 cevapl\u0131yor.<\/p>\n<p><span class=\"wpcf7-form-control-wrap adi\"><input type=\"text\" name=\"adi\" value=\"\" size=\"40\" class=\"wpcf7-form-control wpcf7-text wpcf7-validates-as-required\" aria-required=\"true\" aria-invalid=\"false\" placeholder=\"Ad\u0131n\u0131z\" \/><\/span><br \/>\n<span class=\"wpcf7-form-control-wrap mail\"><input type=\"email\" name=\"mail\" value=\"\" size=\"40\" class=\"wpcf7-form-control wpcf7-text wpcf7-email wpcf7-validates-as-required wpcf7-validates-as-email\" aria-required=\"true\" aria-invalid=\"false\" placeholder=\"Eposta Adresiniz\" \/><\/span><br \/>\n<span class=\"wpcf7-form-control-wrap Konu\"><input type=\"text\" name=\"Konu\" value=\"\" size=\"40\" class=\"wpcf7-form-control wpcf7-text\" aria-invalid=\"false\" placeholder=\"Konu\" \/><\/span><br \/>\n<span class=\"wpcf7-form-control-wrap mesaj\"><textarea name=\"mesaj\" cols=\"40\" rows=\"3\" class=\"wpcf7-form-control wpcf7-textarea\" aria-invalid=\"false\" placeholder=\"Sorunuz\"><\/textarea><\/span> <\/label><\/p>\n<p><input type=\"submit\" value=\"Formu G\u00f6nder\" class=\"wpcf7-form-control wpcf7-submit button_full_width\" \/><\/p>\n<\/div>\n<div class=\"wpcf7-response-output\" role=\"alert\" aria-hidden=\"true\"><\/div>\n<\/form>\n<\/div>\n<\/div>\n\t\t<\/aside>\t\t<\/div>\n\t\t\t\t<\/div>\n\t\t\t\t\t\t<\/div>\n\t\t\t\t\t<\/div>\n\t\t<\/div>\n\t\t\t\t\t\t\t\t<\/div>\n\t\t\t\t\t<\/div>\n\t\t<\/section>\n\t\t\t\t\t\t<\/div>\n\t\t\t\t\t\t<\/div>\n\t\t\t\t\t<\/div>\n\t\t","protected":false},"excerpt":{"rendered":"<p>As\u0131l fonksiyonlar\u0131 i\u015fitme olan kulaklar al\u0131\u015f\u0131lmad\u0131k \u015fekillerde kar\u015f\u0131m\u0131za \u00e7\u0131kabiliyor. En s\u0131k d\u0131\u015f kulak deformasyonu kep\u00e7e kulak olarak adland\u0131r\u0131lan, kulaklar\u0131n \u00f6ne do\u011fru k\u0131vr\u0131mlanmas\u0131 durumudur. Kep\u00e7e kulak genellikle<span class=\"excerpt-hellip\"> [\u2026]<\/span><\/p>\n","protected":false},"author":1,"featured_media":0,"parent":0,"menu_order":0,"comment_status":"closed","ping_status":"closed","template":"","meta":[],"_links":{"self":[{"href":"https:\/\/www.drmustafakarakas.com\/tr\/wp-json\/wp\/v2\/pages\/544"}],"collection":[{"href":"https:\/\/www.drmustafakarakas.com\/tr\/wp-json\/wp\/v2\/pages"}],"about":[{"href":"https:\/\/www.drmustafakarakas.com\/tr\/wp-json\/wp\/v2\/types\/page"}],"author":[{"embeddable":true,"href":"https:\/\/www.drmustafakarakas.com\/tr\/wp-json\/wp\/v2\/users\/1"}],"replies":[{"embeddable":true,"href":"https:\/\/www.drmustafakarakas.com\/tr\/wp-json\/wp\/v2\/comments?post=544"}],"version-history":[{"count":3,"href":"https:\/\/www.drmustafakarakas.com\/tr\/wp-json\/wp\/v2\/pages\/544\/revisions"}],"predecessor-version":[{"id":553,"href":"https:\/\/www.drmustafakarakas.com\/tr\/wp-json\/wp\/v2\/pages\/544\/revisions\/553"}],"wp:attachment":[{"href":"https:\/\/www.drmustafakarakas.com\/tr\/wp-json\/wp\/v2\/media?parent=544"}],"curies":[{"name":"wp","href":"https:\/\/api.w.org\/{rel}","templated":true}]}}