{"id":9,"date":"2020-04-22T13:15:49","date_gmt":"2020-04-22T13:15:49","guid":{"rendered":"https:\/\/themes.muffingroup.com\/be\/lab3\/?page_id=9"},"modified":"2022-03-07T10:32:04","modified_gmt":"2022-03-07T07:32:04","slug":"dr-mustafa-karakas","status":"publish","type":"page","link":"https:\/\/www.drmustafakarakas.com\/fr\/dr-mustafa-karakas","title":{"rendered":"Dr. Mustafa Karaka\u015f"},"content":{"rendered":"\t\t<div data-elementor-type=\"wp-page\" data-elementor-id=\"9\" class=\"elementor elementor-9\" data-elementor-settings=\"[]\">\n\t\t\t\t\t\t<div class=\"elementor-inner\">\n\t\t\t\t\t\t\t<div class=\"elementor-section-wrap\">\n\t\t\t\t\t\t\t<section class=\"elementor-section elementor-top-section elementor-element elementor-element-c7fc6b8 elementor-section-stretched elementor-section-boxed elementor-section-height-default elementor-section-height-default\" data-id=\"c7fc6b8\" data-element_type=\"section\" data-settings=\"{&quot;stretch_section&quot;:&quot;section-stretched&quot;}\">\n\t\t\t\t\t\t<div class=\"elementor-container elementor-column-gap-default\">\n\t\t\t\t\t\t\t<div class=\"elementor-row\">\n\t\t\t\t\t<div class=\"elementor-column elementor-col-100 elementor-top-column elementor-element elementor-element-d2ea68b\" data-id=\"d2ea68b\" data-element_type=\"column\">\n\t\t\t<div class=\"elementor-column-wrap elementor-element-populated\">\n\t\t\t\t\t\t\t<div class=\"elementor-widget-wrap\">\n\t\t\t\t\t\t<div class=\"elementor-element elementor-element-f2ca8bc elementor-widget elementor-widget-text-editor\" data-id=\"f2ca8bc\" data-element_type=\"widget\" data-widget_type=\"text-editor.default\">\n\t\t\t\t<div class=\"elementor-widget-container\">\n\t\t\t\t\t<div class=\"elementor-text-editor elementor-clearfix\"><p><img class=\"alignleft size-full wp-image-501\" src=\"https:\/\/reaxion.website\/drmustafa\/wp-content\/uploads\/2021\/01\/hakkimizda-1.jpg\" alt=\"\" width=\"420\" srcset=\"https:\/\/www.drmustafakarakas.com\/fr\/wp-content\/uploads\/2021\/01\/hakkimizda-1.jpg 683w, https:\/\/www.drmustafakarakas.com\/fr\/wp-content\/uploads\/2021\/01\/hakkimizda-1-256x300.jpg 256w, https:\/\/www.drmustafakarakas.com\/fr\/wp-content\/uploads\/2021\/01\/hakkimizda-1-125x146.jpg 125w, https:\/\/www.drmustafakarakas.com\/fr\/wp-content\/uploads\/2021\/01\/hakkimizda-1-43x50.jpg 43w, https:\/\/www.drmustafakarakas.com\/fr\/wp-content\/uploads\/2021\/01\/hakkimizda-1-64x75.jpg 64w\" sizes=\"(max-width: 683px) 100vw, 683px\" \/>Il est n\u00e9 en 1984 \u00e0 Isparta, Yalvac. Apr\u00e8s avoir termin\u00e9 ses \u00e9tudes secondaires \u00e0 Adana, Seyhan Anatolian High School en 2002, il a eu le droit d&#8217;entrer \u00e0 la facult\u00e9 de m\u00e9decine Cerrahpa\u015fa de l&#8217;Universit\u00e9 d&#8217;Istanbul la m\u00eame ann\u00e9e. Apr\u00e8s avoir termin\u00e9 ses \u00e9tudes en m\u00e9decine en 2008, Karaka\u015f est entr\u00e9 la m\u00eame ann\u00e9e \u00e0 l&#8217;examen de sp\u00e9cialit\u00e9 m\u00e9dicale et a eu le droit de se sp\u00e9cialiser dans l&#8217;oreille, le nez et la gorge, ce qu&#8217;il souhaitait beaucoup.<\/p><p>Entre 2008 et 2013, il a termin\u00e9 avec succ\u00e8s sa sp\u00e9cialisation \u00e0 <strong>l&#8217;h\u00f4pital de formation et de recherche d&#8217;Istanbul Haseki<\/strong> et a re\u00e7u le titre de m\u00e9decin op\u00e9rateur. Il a \u00e9t\u00e9 honor\u00e9 par le <strong>Bureau du Gouverneur d&#8217;Istanbul<\/strong> pour ses services \u00e0 Istanbul.<\/p><p>Il a fait de nombreuses premi\u00e8res \u00e0 Kahramanmara\u015f, o\u00f9 il a effectu\u00e9 son service obligatoire, et a effectu\u00e9 avec succ\u00e8s des op\u00e9rations chirurgicales qui n&#8217;avaient jamais \u00e9t\u00e9 pratiqu\u00e9es auparavant dans la ville. Il a travaill\u00e9 comme directeur d&#8217;h\u00f4pital au poste de m\u00e9decin-chef adjoint pendant 1 an. Apr\u00e8s le service obligatoire, il a travaill\u00e9 comme m\u00e9decin op\u00e9rateur \u00e0 l&#8217;h\u00f4pital de formation et de recherche d&#8217;Istanbul \u015ei\u015fli Etfal.<\/p><p>Il a r\u00e9ussi l&#8217;examen du conseil d&#8217;oto-rhino-laryngologie, auquel il s&#8217;est inscrit en 2014, et a eu le droit de recevoir le certificat de comp\u00e9tence. Il a de nombreux articles publi\u00e9s dans des revues r\u00e9put\u00e9es au pays et \u00e0 l&#8217;\u00e9tranger. Il suit les d\u00e9veloppements actuels de sa branche en participant \u00e0 de nombreux congr\u00e8s internationaux et nationaux et en visitant des cliniques \u00e0 l&#8217;\u00e9tranger.<\/p><p>Les domaines d&#8217;int\u00e9r\u00eat particuliers comprennent la rhinoplastie (esth\u00e9tique du nez), la septoplastie (chirurgie fonctionnelle du nez), l&#8217;otoplastie (esth\u00e9tique de l&#8217;oreille), la chirurgie endoscopique des sinus (chirurgie de la sinusite), la tympanoplastie et la stap\u00e9dectomie (r\u00e9paration du tympan et chirurgie de la calcification de l&#8217;oreille), les chirurgies p\u00e9diatriques d&#8217;oto-rhino-laryngologie (ad\u00e9no\u00efde et chirurgies des amygdales), l&#8217;apn\u00e9e du sommeil (chirurgie du ronflement), les maladies des glandes salivaires et les chirurgies du goitre. <strong>Il a acquis une vaste exp\u00e9rience avec le nombre d&#8217;op\u00e9rations chirurgicales approchant les 5000.<\/strong> Karaka\u015f, qui parle bien l&#8217;anglais, est mari\u00e9 et a un enfant.<\/p><\/div>\n\t\t\t\t<\/div>\n\t\t\t\t<\/div>\n\t\t\t\t\t\t<\/div>\n\t\t\t\t\t<\/div>\n\t\t<\/div>\n\t\t\t\t\t\t\t\t<\/div>\n\t\t\t\t\t<\/div>\n\t\t<\/section>\n\t\t\t\t<section class=\"elementor-section elementor-top-section elementor-element elementor-element-f4354b1 elementor-section-stretched elementor-section-boxed elementor-section-height-default elementor-section-height-default\" data-id=\"f4354b1\" data-element_type=\"section\" data-settings=\"{&quot;stretch_section&quot;:&quot;section-stretched&quot;,&quot;background_background&quot;:&quot;classic&quot;}\">\n\t\t\t\t\t\t<div class=\"elementor-container elementor-column-gap-default\">\n\t\t\t\t\t\t\t<div class=\"elementor-row\">\n\t\t\t\t\t<div class=\"elementor-column elementor-col-100 elementor-top-column elementor-element elementor-element-7d1698b\" data-id=\"7d1698b\" data-element_type=\"column\">\n\t\t\t<div class=\"elementor-column-wrap elementor-element-populated\">\n\t\t\t\t\t\t\t<div class=\"elementor-widget-wrap\">\n\t\t\t\t\t\t<div class=\"elementor-element elementor-element-3c23531 elementor-widget elementor-widget-text-editor\" data-id=\"3c23531\" data-element_type=\"widget\" data-widget_type=\"text-editor.default\">\n\t\t\t\t<div class=\"elementor-widget-container\">\n\t\t\t\t\t<div class=\"elementor-text-editor elementor-clearfix\"><h4>R\u00e9compenses<\/h4><p>Il a re\u00e7u une mention \u00e9logieuse du Gouvernorat d&#8217;Istanbul en 2012 pour ses services \u00e0 Istanbul.<\/p><h4>Articles publi\u00e9s<\/h4><div class=\"wpb_tabstabs_holder clearfix\" data-interval=\"0\"><div class=\"q_tabs horizontal gauche\"><div class=\"tabs-container\"><div id=\"tab-1588075779502-3-8\" class=\"tab-content\"><div class=\"wpb_text_column wpb_content_element \"><div class=\"wpb_wrapper\"><p><strong>Articles publi\u00e9s dans des revues internationales \u00e0 comit\u00e9 de lecture\u00a0:<\/strong><\/p><p>1. Balikci HH, Ozkul MH, Uvacin O, Yasar H, <strong>Karakas M<\/strong>, Gurdal M. Polypose antrochoanale\u00a0: analyse de 34\u00a0cas. Arc Eur Otorhinolaryngol. 2013 mai\u00a0;270(5):1651-4. doi\u00a0: 10.1007\/s00405-012-2274-2.<\/p><p>2. Ozkul HM, Balikci HH, Gurdal MM, Celebi S, Yasar H, <strong>Karakas M<\/strong>, Alp A. Plage normale du d\u00e9bit inspiratoire nasal de pointe et son r\u00f4le dans la chirurgie septale nasale. J Craniofac Surg. 2013 Mai;24(3):900-2. doi\u00a0: 10.1097\/SCS.0b013e318280263a.<\/p><p>3. Balikci HH, Gurdal MM, Ozkul MH, <strong>Karakas M<\/strong>, Uvacin O, Kara N, Alp A, Ozbay I. Masses cervicales\u00a0: analyse diagnostique de 630 cas dans la population turque. Arc Eur Otorhinolaryngol. 2013 novembre;270(11):2953-8. doi\u00a0: 10.1007\/s00405-013-2445-9.<\/p><p>4. Ozkul MH, Balikci HH, <strong>Karakas M<\/strong>, Bayram O, Bayram AA, Kara N. R\u00e9paration des perforations nasoseptales symptomatiques \u00e0 l&#8217;aide de la technique de r\u00e9g\u00e9n\u00e9ration muqueuse avec greffes interpositionnelles. J Craniofac Surg. 2014 janvier;25(1):98-102. doi\u00a0: 10.1097\/SCS.0b013e3182a2eac6.<\/p><p>5. Balikci HH, <strong>Karakas M<\/strong>, Gurdal MM, Ozkul MH, Bayram O, Bayram AA, Yigit S. Niveau de produit prot\u00e9ique d&#8217;oxydation avanc\u00e9 chez les enfants atteints d&#8217;otite moyenne chronique avec \u00e9panchement. Int J Pediatr Otorhinolaryngol. 2014 mars;78(3):551-3. doi\u00a0: 10.1016\/j.ijporl.2014.01.007.<\/p><p>6. \u00d6zkul MH, Bayram \u00d6, Balikci HH, <strong>Karakas M<\/strong>, , Bayram AA, Gurdal MM, Chatzi T. Radiofr\u00e9quence contr\u00f4l\u00e9e par imp\u00e9dance, etc. amygdalectomie par dissection \u00e0 froid.B- ENT.2014.10:285-9.<\/p><p>7. Balikci HH, \u00d6zbay I, Gurdal MM, <strong>Karakas M<\/strong> , \u00c7elebi \u015e. Relation Entre Concha Bullosa, D\u00e9viation Septale Nasale Et Sinusite: Analyse R\u00e9trospective De 296 Cas.ENT Journal. R\u00e9f.\u00a0:\u00a0 Mme. non. 13-317R1<\/p><p>8. Bayram A Alper, Bayram \u00d6, Balikci HH, \u00d6zkul MH, Chatzi T, <strong>Karakas M<\/strong>. Effets \u00e0 long terme du furoate de fluticasone \u00e9valu\u00e9s \u00e0 l&#8217;aide du d\u00e9bit inspiratoire nasal maximal chez les patients pr\u00e9sentant une hypertrophie non allergique du cornet inf\u00e9rieur . Baoj Allergie et Immunologie. 2017 Volume 3;Num\u00e9ro 1;3-11<\/p><p><strong>Articles publi\u00e9s dans des revues nationales \u00e0 comit\u00e9 de lecture\u00a0:<\/strong><\/p><p>1. Hasan H\u00fcseyin Bal\u0131kc\u0131, H\u00fcsamettin Ya\u015far, Murat Haluk \u00d6zkul, Mustafa G\u00fcrdal, <strong>Mustafa Karaka\u015f<\/strong>. Destruction isol\u00e9e du bras court de l&#8217;incus non accompagn\u00e9e d&#8217;une perte auditive dans un cas de cholest\u00e9atome. Destruction isol\u00e9e de l&#8217;apophyse courte de l&#8217;enclume sans perte d&#8217;audition dans un cas de cholest\u00e9atome. Bulletin m\u00e9dical Haseki 2013\u00a0; 51(1):24-25. doi\u00a0: 10.4274\/Haseki.805.<\/p><p>2. Mihriban G\u00fcrb\u00fczel, Kuaybe Karakus, Gul Barut, <strong>Mustafa Karaka\u015f<\/strong>, H\u00fcsamettin Ya\u015far. Ad\u00e9nome basocellulaire apparaissant dans la glande salivaire sous-maxillaire\u00a0: caract\u00e9ristiques histologiques et cytologiques. Causapedia 2013;2:367-72.<\/p><p>3. N. Kara, <strong>M. Caracas<\/strong> , S.A. Balikci, M.H. Ozkul, M. Gurdal. Inlay Butterfly Cartilage Tympanoplasty: Une analyse r\u00e9trospective de 31 cas. Journal of Otorhinolaryngology and Head and Neck Surgery 2014;22 (3):57-61<\/p><p>4. <strong>Caracas M<\/strong>, Balikci HH, \u00d6zkul MH, \u00c7elebi S, Bayram \u00d6, Bayram AA. Complications de l&#8217;otite moyenne chronique : une analyse r\u00e9trospective de 1293 cas. J Med Updates.2014 Ao\u00fbt\u00a0; 4(2):43-8. doi:10.2399\/jmu.2014002003.<\/p><p>5. H. H\u00fcseyin Bal\u0131kc\u0131, \u0130sa \u00d6zbay, <strong>Mustafa Karaka\u015f<\/strong>. Pastille dans le sinus ethmo\u00efdal\u00a0: rapport de cas [Une pastille dans le sinus ethmo\u00efdal\u00a0: un rapport de cas]. Odu J Med 2015;2:126-9.<\/p><p><strong>Actes pr\u00e9sent\u00e9s lors de congr\u00e8s scientifiques internationaux et publi\u00e9s dans le livre des actes (Proceeedins)\u00a0:<\/strong><\/p><p>1. H.H. Balikci, H. Yasar, M.H. \u00d6zkul, <strong>M. Caracas<\/strong>, M. Gurdal, &#8221;PS-031 Destruction isol\u00e9e du processus court de l&#8217;enclume sans perte auditive dans un cas de cholest\u00e9atome&#8221;, 10e Congr\u00e8s international d&#8217;oto-rhino-laryngologie Chirurgie de la t\u00eate et du cou, Ankara, 26 avril -28, 2012.<\/p><p>2.\u00a0.<strong>M. Caracas<\/strong>, M.\u00a0H. Ozkul, H.H. Balikci, H. Yasar, A.A. Bayram, &#8220;Thrombose du sinus lat\u00e9ral et otite hydroc\u00e9phalie dans un cas d&#8217;otite moyenne avec cholest\u00e9atome chronique PS-136&#8221;, 10e Congr\u00e8s international d&#8217;oto-rhino-laryngologie de la t\u00eate et de la chirurgie du cou, Ankara, 26-28 avril 2012.<\/p><p>3. <strong>M. Caracas<\/strong>, M.\u00a0H. Ozkul, A. Karatas, H.H. Balikci, O. Bayram, &#8220;PS-138 Cholest\u00e9atome qui se d\u00e9veloppe derri\u00e8re le tympan intact et provoque la destruction de la cochl\u00e9e et de la paroi interne de la carotide&#8221;, Le 10e Congr\u00e8s international d&#8217;oto-rhino-laryngologie Chirurgie de la t\u00eate et du cou, Ankara, 26-28 avril 2012.<\/p><p>4.\u00a0<strong>M. Caracas<\/strong>, M.\u00a0H. Ozkul, H. Yasar, O. Uvacin, H.H. Balikci, &#8220;PS-068 Granulome pyog\u00e9nique du palais dur&#8221;, 10e Congr\u00e8s international d&#8217;oto-rhino-laryngologie de la t\u00eate et du cou, Ankara, 26-28 avril 2012.<\/p><p>5. <strong>M. Caracas<\/strong>, F. Altin, M.H. Ozkul, H. Yasar, O. Uvacin, H.H. Balikci, Uvacin O, &#8220;PS-020 Nasal polyposis in a patient after total laryngectomy: A case report&#8221;, The 10th International Congress of Otorhinolaryngology Head and Neck Surgery, Ankara, 26-28 avril 2012.<\/p><p>6. HH Balikci, M.H. Ozkul, H. Yasar, <strong>M. Karakas<\/strong>, &#8220;PS-154 Ethmoid mucopiocele with intraorbital extension: A case report&#8221;, The 10th International Congress of Otorhinolaryngology Head and Neck Surgery, Ankara, 26-28 avril 2012.<\/p><p>7. HH Balikci, M.H. Ozkul, A. Karatas, H. Yasar, <strong>M. Caracas<\/strong>, &#8221; PS-155 Giant turbinate bullosa: Case report&#8221;, The 10th International Congress of Otorhinolaryngology Head and Neck Surgery, Ankara, 26-28 avril 2012.<\/p><p>8. H.H. Balikci, M.H. Ozkul, M. Salviz, A. Karatas, H. Yasar, <strong>M. Karakas<\/strong>, A. Alp, &#8221; PS-128 Petrous apex cholesteatoma develop after radical mastoidectomy &#8221;, 10e Congr\u00e8s international d&#8217;oto-rhino-laryngologie de la t\u00eate et du cou, Ankara, 26-28 avril 2012.<\/p><p>9. HH Balikci, M.H. \u00d6zkul, <strong>M. Caracas<\/strong>, R.\u00a0M. Acikalin, H. Yasar, AA Bayram, O. Uvacin, N. Kara, \u00ab\u00a0Emphys\u00e8me sous-cutan\u00e9 apr\u00e8s septoplastie PS-156\u00a0: rapport de cas\u00a0\u00bb, 10e Congr\u00e8s international d&#8217;oto-rhino-laryngologie en chirurgie de la t\u00eate et du cou, Ankara, 26-28 avril 2012.<\/p><p>10. N. Kara, M. H. \u00d6zkul, A. Karatas, T. Y\u00fcce, B. Dikmen, H.H. Balikci, <strong>M. Caracas<\/strong>, &#8221;PS-069 Ranula kyst: Case report&#8221;, 10e Congr\u00e8s international d&#8217;oto-rhino-laryngologie de chirurgie de la t\u00eate et du cou, Ankara, 26-28 avril 2012.<\/p><\/div><\/div><\/div><\/div><\/div><\/div><\/div>\n\t\t\t\t<\/div>\n\t\t\t\t<\/div>\n\t\t\t\t\t\t<\/div>\n\t\t\t\t\t<\/div>\n\t\t<\/div>\n\t\t\t\t\t\t\t\t<\/div>\n\t\t\t\t\t<\/div>\n\t\t<\/section>\n\t\t\t\t\t\t<\/div>\n\t\t\t\t\t\t<\/div>\n\t\t\t\t\t<\/div>\n\t\t","protected":false},"excerpt":{"rendered":"<p>Il est n\u00e9 en 1984 \u00e0 Isparta, Yalvac. Apr\u00e8s avoir termin\u00e9 ses \u00e9tudes secondaires \u00e0 Adana, Seyhan Anatolian High School en 2002, il a eu le<span class=\"excerpt-hellip\"> [\u2026]<\/span><\/p>\n","protected":false},"author":1,"featured_media":0,"parent":0,"menu_order":0,"comment_status":"closed","ping_status":"closed","template":"","meta":[],"_links":{"self":[{"href":"https:\/\/www.drmustafakarakas.com\/fr\/wp-json\/wp\/v2\/pages\/9"}],"collection":[{"href":"https:\/\/www.drmustafakarakas.com\/fr\/wp-json\/wp\/v2\/pages"}],"about":[{"href":"https:\/\/www.drmustafakarakas.com\/fr\/wp-json\/wp\/v2\/types\/page"}],"author":[{"embeddable":true,"href":"https:\/\/www.drmustafakarakas.com\/fr\/wp-json\/wp\/v2\/users\/1"}],"replies":[{"embeddable":true,"href":"https:\/\/www.drmustafakarakas.com\/fr\/wp-json\/wp\/v2\/comments?post=9"}],"version-history":[{"count":27,"href":"https:\/\/www.drmustafakarakas.com\/fr\/wp-json\/wp\/v2\/pages\/9\/revisions"}],"predecessor-version":[{"id":773,"href":"https:\/\/www.drmustafakarakas.com\/fr\/wp-json\/wp\/v2\/pages\/9\/revisions\/773"}],"wp:attachment":[{"href":"https:\/\/www.drmustafakarakas.com\/fr\/wp-json\/wp\/v2\/media?parent=9"}],"curies":[{"name":"wp","href":"https:\/\/api.w.org\/{rel}","templated":true}]}}