{"id":546,"date":"2021-01-16T23:16:46","date_gmt":"2021-01-16T20:16:46","guid":{"rendered":"https:\/\/www.drmustafakarakas.com\/fr\/?page_id=546"},"modified":"2022-03-07T10:41:40","modified_gmt":"2022-03-07T07:41:40","slug":"esthetique-des-joues-bichectomie","status":"publish","type":"page","link":"https:\/\/www.drmustafakarakas.com\/fr\/esthetique-des-joues-bichectomie","title":{"rendered":"Esth\u00e9tique des joues (Bichectomie)"},"content":{"rendered":"\t\t<div data-elementor-type=\"wp-page\" data-elementor-id=\"546\" class=\"elementor elementor-546\" data-elementor-settings=\"[]\">\n\t\t\t\t\t\t<div class=\"elementor-inner\">\n\t\t\t\t\t\t\t<div class=\"elementor-section-wrap\">\n\t\t\t\t\t\t\t<section class=\"elementor-section elementor-top-section elementor-element elementor-element-c7fc6b8 elementor-section-boxed elementor-section-height-default elementor-section-height-default\" data-id=\"c7fc6b8\" data-element_type=\"section\">\n\t\t\t\t\t\t<div class=\"elementor-container elementor-column-gap-default\">\n\t\t\t\t\t\t\t<div class=\"elementor-row\">\n\t\t\t\t\t<div class=\"elementor-column elementor-col-50 elementor-top-column elementor-element elementor-element-d2ea68b\" data-id=\"d2ea68b\" data-element_type=\"column\">\n\t\t\t<div class=\"elementor-column-wrap elementor-element-populated\">\n\t\t\t\t\t\t\t<div class=\"elementor-widget-wrap\">\n\t\t\t\t\t\t<div class=\"elementor-element elementor-element-f2ca8bc elementor-widget elementor-widget-text-editor\" data-id=\"f2ca8bc\" data-element_type=\"widget\" data-widget_type=\"text-editor.default\">\n\t\t\t\t<div class=\"elementor-widget-container\">\n\t\t\t\t\t<div class=\"elementor-text-editor elementor-clearfix\"><p>L&#8217;esth\u00e9tique hollywoodienne des joues, souvent appel\u00e9e esth\u00e9tique des joues, op\u00e9ration du visage triangulaire, op\u00e9ration du visage en V, est \u00e9galement fr\u00e9quemment appliqu\u00e9e sur les visages o\u00f9 le contour du visage est carr\u00e9 et o\u00f9 il y a trop de coussinet adipeux sur les joues. Des r\u00e9sultats r\u00e9ussis sont obtenus avec l&#8217;op\u00e9ration appliqu\u00e9e dans l&#8217;esth\u00e9tique des joues hollywoodiennes. Un autre nom pour l&#8217;esth\u00e9tique des joues est la bichectomie. L&#8217;esth\u00e9tique des joues hollywoodiennes est en fait le nom populaire de l&#8217;op\u00e9ration. Dans cette op\u00e9ration, cela peut \u00eatre exprim\u00e9 comme l&#8217;\u00e9limination des coussinets graisseux en exc\u00e8s \u00e0 1 cm de la zone des joues, juste \u00e0 l&#8217;int\u00e9rieur de la bouche, sans laisser de traces sur la surface externe visible des joues, c&#8217;est-\u00e0-dire \u00e0 l&#8217;ext\u00e9rieur du visage. . Ces coussinets adipeux enlev\u00e9s font descendre les joues dodues, faire saillir les pommettes et faire para\u00eetre le menton plus petit.<\/p><\/div>\n\t\t\t\t<\/div>\n\t\t\t\t<\/div>\n\t\t\t\t\t\t<\/div>\n\t\t\t\t\t<\/div>\n\t\t<\/div>\n\t\t\t\t<div class=\"elementor-column elementor-col-50 elementor-top-column elementor-element elementor-element-2608b46\" data-id=\"2608b46\" data-element_type=\"column\">\n\t\t\t<div class=\"elementor-column-wrap elementor-element-populated\">\n\t\t\t\t\t\t\t<div class=\"elementor-widget-wrap\">\n\t\t\t\t\t\t<div class=\"elementor-element elementor-element-eaf2204 elementor-widget elementor-widget-sidebar\" data-id=\"eaf2204\" data-element_type=\"widget\" data-widget_type=\"sidebar.default\">\n\t\t\t\t<div class=\"elementor-widget-container\">\n\t\t\t<aside id=\"text-2\" class=\"widget widget_text\">\t\t\t<div class=\"textwidget\"><div role=\"form\" class=\"wpcf7\" id=\"wpcf7-f5-o1\" lang=\"tr-TR\" dir=\"ltr\">\n<div class=\"screen-reader-response\" role=\"alert\" aria-live=\"polite\"><\/div>\n<form action=\"\/fr\/wp-json\/wp\/v2\/pages\/546#wpcf7-f5-o1\" method=\"post\" class=\"wpcf7-form init\" novalidate=\"novalidate\">\n<div style=\"display: none;\">\n<input type=\"hidden\" name=\"_wpcf7\" value=\"5\" \/><br \/>\n<input type=\"hidden\" name=\"_wpcf7_version\" value=\"5.2.2\" \/><br \/>\n<input type=\"hidden\" name=\"_wpcf7_locale\" value=\"tr_TR\" \/><br \/>\n<input type=\"hidden\" name=\"_wpcf7_unit_tag\" value=\"wpcf7-f5-o1\" \/><br \/>\n<input type=\"hidden\" name=\"_wpcf7_container_post\" value=\"0\" \/><br \/>\n<input type=\"hidden\" name=\"_wpcf7_posted_data_hash\" value=\"\" \/>\n<\/div>\n<div style=\"background-color:#00AAFF; padding:15px 20px 0px; border-radius:5px; \">\n<h2 style=\"color:#fff; font-size:20px; text-align:center;  line-height:45px; margin-top:-3px; font-weight:700;\">DEMANDEZ AU MEDECIN?<\/h2>\n<p style=\"color:#fff; text-align:center; line-height:18px; font-size:15px; margin-top:-15px;\">Embrasser. Dr. Mustafa Karaka\u015f r\u00e9pond \u00e0 vos questions.<\/p>\n<p><span class=\"wpcf7-form-control-wrap adi\"><input type=\"text\" name=\"adi\" value=\"\" size=\"40\" class=\"wpcf7-form-control wpcf7-text wpcf7-validates-as-required\" aria-required=\"true\" aria-invalid=\"false\" placeholder=\"Votre nom\" \/><\/span><br \/>\n<span class=\"wpcf7-form-control-wrap mail\"><input type=\"email\" name=\"mail\" value=\"\" size=\"40\" class=\"wpcf7-form-control wpcf7-text wpcf7-email wpcf7-validates-as-required wpcf7-validates-as-email\" aria-required=\"true\" aria-invalid=\"false\" placeholder=\"Adresse e-mail\" \/><\/span><br \/>\n<span class=\"wpcf7-form-control-wrap Konu\"><input type=\"text\" name=\"Konu\" value=\"\" size=\"40\" class=\"wpcf7-form-control wpcf7-text\" aria-invalid=\"false\" placeholder=\"Sujet\" \/><\/span><br \/>\n<span class=\"wpcf7-form-control-wrap mesaj\"><textarea name=\"mesaj\" cols=\"40\" rows=\"3\" class=\"wpcf7-form-control wpcf7-textarea\" aria-invalid=\"false\" placeholder=\"ta question\"><\/textarea><\/span> <\/label><\/p>\n<p><input type=\"submit\" value=\"Soumettre le formulaire\" class=\"wpcf7-form-control wpcf7-submit button_full_width\" \/><\/p>\n<\/div>\n<div class=\"wpcf7-response-output\" role=\"alert\" aria-hidden=\"true\"><\/div>\n<\/form>\n<\/div>\n<\/div>\n\t\t<\/aside>\t\t<\/div>\n\t\t\t\t<\/div>\n\t\t\t\t\t\t<\/div>\n\t\t\t\t\t<\/div>\n\t\t<\/div>\n\t\t\t\t\t\t\t\t<\/div>\n\t\t\t\t\t<\/div>\n\t\t<\/section>\n\t\t\t\t\t\t<\/div>\n\t\t\t\t\t\t<\/div>\n\t\t\t\t\t<\/div>\n\t\t","protected":false},"excerpt":{"rendered":"<p>L&#8217;esth\u00e9tique hollywoodienne des joues, souvent appel\u00e9e esth\u00e9tique des joues, op\u00e9ration du visage triangulaire, op\u00e9ration du visage en V, est \u00e9galement fr\u00e9quemment appliqu\u00e9e sur les visages o\u00f9<span class=\"excerpt-hellip\"> [\u2026]<\/span><\/p>\n","protected":false},"author":1,"featured_media":0,"parent":0,"menu_order":0,"comment_status":"closed","ping_status":"closed","template":"","meta":[],"_links":{"self":[{"href":"https:\/\/www.drmustafakarakas.com\/fr\/wp-json\/wp\/v2\/pages\/546"}],"collection":[{"href":"https:\/\/www.drmustafakarakas.com\/fr\/wp-json\/wp\/v2\/pages"}],"about":[{"href":"https:\/\/www.drmustafakarakas.com\/fr\/wp-json\/wp\/v2\/types\/page"}],"author":[{"embeddable":true,"href":"https:\/\/www.drmustafakarakas.com\/fr\/wp-json\/wp\/v2\/users\/1"}],"replies":[{"embeddable":true,"href":"https:\/\/www.drmustafakarakas.com\/fr\/wp-json\/wp\/v2\/comments?post=546"}],"version-history":[{"count":5,"href":"https:\/\/www.drmustafakarakas.com\/fr\/wp-json\/wp\/v2\/pages\/546\/revisions"}],"predecessor-version":[{"id":783,"href":"https:\/\/www.drmustafakarakas.com\/fr\/wp-json\/wp\/v2\/pages\/546\/revisions\/783"}],"wp:attachment":[{"href":"https:\/\/www.drmustafakarakas.com\/fr\/wp-json\/wp\/v2\/media?parent=546"}],"curies":[{"name":"wp","href":"https:\/\/api.w.org\/{rel}","templated":true}]}}