{"id":300,"date":"2020-09-21T12:46:07","date_gmt":"2020-09-21T09:46:07","guid":{"rendered":"https:\/\/www.drmustafakarakas.com\/fr\/?page_id=300"},"modified":"2021-01-16T23:59:48","modified_gmt":"2021-01-16T20:59:48","slug":"blog","status":"publish","type":"page","link":"https:\/\/www.drmustafakarakas.com\/fr\/blog","title":{"rendered":"Blog"},"content":{"rendered":"\t\t<div data-elementor-type=\"wp-page\" data-elementor-id=\"300\" class=\"elementor elementor-300\" data-elementor-settings=\"[]\">\n\t\t\t\t\t\t<div class=\"elementor-inner\">\n\t\t\t\t\t\t\t<div class=\"elementor-section-wrap\">\n\t\t\t\t\t\t\t<section class=\"elementor-section elementor-top-section elementor-element elementor-element-c7fc6b8 elementor-section-boxed elementor-section-height-default elementor-section-height-default\" data-id=\"c7fc6b8\" data-element_type=\"section\">\n\t\t\t\t\t\t<div class=\"elementor-container elementor-column-gap-default\">\n\t\t\t\t\t\t\t<div class=\"elementor-row\">\n\t\t\t\t\t<div class=\"elementor-column elementor-col-100 elementor-top-column elementor-element elementor-element-d2ea68b\" data-id=\"d2ea68b\" data-element_type=\"column\">\n\t\t\t<div class=\"elementor-column-wrap elementor-element-populated\">\n\t\t\t\t\t\t\t<div class=\"elementor-widget-wrap\">\n\t\t\t\t\t\t<div class=\"elementor-element elementor-element-6fb396f elementor-widget elementor-widget-mfn_blog\" data-id=\"6fb396f\" data-element_type=\"widget\" data-widget_type=\"mfn_blog.default\">\n\t\t\t\t<div class=\"elementor-widget-container\">\n\t\t\t<div class=\"column_filters\"><div class=\"blog_wrapper isotope_wrapper clearfix\"><div class=\"posts_group lm_wrapper col-3 grid\"><div class=\"post-item isotope-item clearfix post-655 post type-post status-publish format-standard has-post-thumbnail hentry category-genel\" style=\"\"><div class=\"date_label\">17 Ocak 2021<\/div><div class=\"image_frame post-photo-wrapper scale-with-grid image\"><div class=\"image_wrapper\"><a href=\"https:\/\/www.drmustafakarakas.com\/fr\/chirurgie-esthetique-du-nez.html\"><div class=\"mask\"><\/div><img width=\"960\" height=\"720\" src=\"https:\/\/www.drmustafakarakas.com\/fr\/wp-content\/uploads\/2021\/01\/burun-estetigi-ameliyati1-960x720.jpg\" class=\"scale-with-grid wp-post-image\" alt=\"\" loading=\"lazy\" srcset=\"https:\/\/www.drmustafakarakas.com\/fr\/wp-content\/uploads\/2021\/01\/burun-estetigi-ameliyati1-960x720.jpg 960w, https:\/\/www.drmustafakarakas.com\/fr\/wp-content\/uploads\/2021\/01\/burun-estetigi-ameliyati1-50x39.jpg 50w\" sizes=\"(max-width: 960px) 100vw, 960px\" \/><\/a><div class=\"image_links double\"><a href=\"https:\/\/www.drmustafakarakas.com\/fr\/wp-content\/uploads\/2021\/01\/burun-estetigi-ameliyati1-1024x800.jpg\" class=\"zoom\" rel=\"prettyphoto\"><i class=\"icon-search\"><\/i><\/a><a href=\"https:\/\/www.drmustafakarakas.com\/fr\/chirurgie-esthetique-du-nez.html\" class=\"link\"><i class=\"icon-link\"><\/i><\/a><\/div><\/div><\/div><div class=\"post-desc-wrapper bg-\" style=\"\"><div class=\"post-desc\"><div class=\"post-head\"><\/div><div class=\"post-title\"><h5 class=\"entry-title\" itemprop=\"headline\"><a href=\"https:\/\/www.drmustafakarakas.com\/fr\/chirurgie-esthetique-du-nez.html\">Chirurgie esth\u00e9tique du nez<\/a><\/h5><\/div><div class=\"post-excerpt\">La rhinoplastie et la rhinoplastie chirurgicale est le traitement pour les personnes qui ne sont pas satisfaites de la forme de leur nez, pour se sentir mieux et corriger ces probl\u00e8mes, et ses...<\/div><div class=\"post-footer\"><div class=\"button-love\"><span class=\"love-text\">Do you like it?<\/span><\/div><div class=\"post-links\"><i class=\"icon-doc-text\"><\/i> <a href=\"https:\/\/www.drmustafakarakas.com\/fr\/chirurgie-esthetique-du-nez.html\" class=\"post-more\">Read more<\/a><\/div><\/div><\/div><\/div><\/div><div class=\"post-item isotope-item clearfix post-648 post type-post status-publish format-standard has-post-thumbnail hentry category-genel\" style=\"\"><div class=\"date_label\">17 Ocak 2021<\/div><div class=\"image_frame post-photo-wrapper scale-with-grid image\"><div class=\"image_wrapper\"><a href=\"https:\/\/www.drmustafakarakas.com\/fr\/rhinoplastie-fermee-esthetique-du-nez.html\"><div class=\"mask\"><\/div><img width=\"960\" height=\"720\" src=\"https:\/\/www.drmustafakarakas.com\/fr\/wp-content\/uploads\/2021\/01\/kapali-rinoplasti-burun-estetigi-1-960x720.jpg\" class=\"scale-with-grid wp-post-image\" alt=\"\" loading=\"lazy\" srcset=\"https:\/\/www.drmustafakarakas.com\/fr\/wp-content\/uploads\/2021\/01\/kapali-rinoplasti-burun-estetigi-1-960x720.jpg 960w, https:\/\/www.drmustafakarakas.com\/fr\/wp-content\/uploads\/2021\/01\/kapali-rinoplasti-burun-estetigi-1-50x39.jpg 50w\" sizes=\"(max-width: 960px) 100vw, 960px\" \/><\/a><div class=\"image_links double\"><a href=\"https:\/\/www.drmustafakarakas.com\/fr\/wp-content\/uploads\/2021\/01\/kapali-rinoplasti-burun-estetigi-1-1024x800.jpg\" class=\"zoom\" rel=\"prettyphoto\"><i class=\"icon-search\"><\/i><\/a><a href=\"https:\/\/www.drmustafakarakas.com\/fr\/rhinoplastie-fermee-esthetique-du-nez.html\" class=\"link\"><i class=\"icon-link\"><\/i><\/a><\/div><\/div><\/div><div class=\"post-desc-wrapper bg-\" style=\"\"><div class=\"post-desc\"><div class=\"post-head\"><\/div><div class=\"post-title\"><h5 class=\"entry-title\" itemprop=\"headline\"><a href=\"https:\/\/www.drmustafakarakas.com\/fr\/rhinoplastie-fermee-esthetique-du-nez.html\">Rhinoplastie ferm\u00e9e (esth\u00e9tique du nez)<\/a><\/h5><\/div><div class=\"post-excerpt\">Il existe essentiellement deux techniques de rhinoplastie, ouverte et ferm\u00e9e. Nous utilisons les deux techniques dans nos cabinets. 90\u00a0% de r\u00e9duction en moyenne sur les produits techniques...<\/div><div class=\"post-footer\"><div class=\"button-love\"><span class=\"love-text\">Do you like it?<\/span><\/div><div class=\"post-links\"><i class=\"icon-doc-text\"><\/i> <a href=\"https:\/\/www.drmustafakarakas.com\/fr\/rhinoplastie-fermee-esthetique-du-nez.html\" class=\"post-more\">Read more<\/a><\/div><\/div><\/div><\/div><\/div><div class=\"post-item isotope-item clearfix post-643 post type-post status-publish format-standard has-post-thumbnail hentry category-genel\" style=\"\"><div class=\"date_label\">17 Ocak 2021<\/div><div class=\"image_frame post-photo-wrapper scale-with-grid image\"><div class=\"image_wrapper\"><a href=\"https:\/\/www.drmustafakarakas.com\/fr\/lesthetique-du-nez-est-elle-pratiquee-en-ete.html\"><div class=\"mask\"><\/div><img width=\"960\" height=\"720\" src=\"https:\/\/www.drmustafakarakas.com\/fr\/wp-content\/uploads\/2021\/01\/yazin-burun-estetigi-yapilir-mi-1-960x720.jpg\" class=\"scale-with-grid wp-post-image\" alt=\"\" loading=\"lazy\" srcset=\"https:\/\/www.drmustafakarakas.com\/fr\/wp-content\/uploads\/2021\/01\/yazin-burun-estetigi-yapilir-mi-1-960x720.jpg 960w, https:\/\/www.drmustafakarakas.com\/fr\/wp-content\/uploads\/2021\/01\/yazin-burun-estetigi-yapilir-mi-1-50x39.jpg 50w\" sizes=\"(max-width: 960px) 100vw, 960px\" \/><\/a><div class=\"image_links double\"><a href=\"https:\/\/www.drmustafakarakas.com\/fr\/wp-content\/uploads\/2021\/01\/yazin-burun-estetigi-yapilir-mi-1-1024x800.jpg\" class=\"zoom\" rel=\"prettyphoto\"><i class=\"icon-search\"><\/i><\/a><a href=\"https:\/\/www.drmustafakarakas.com\/fr\/lesthetique-du-nez-est-elle-pratiquee-en-ete.html\" class=\"link\"><i class=\"icon-link\"><\/i><\/a><\/div><\/div><\/div><div class=\"post-desc-wrapper bg-\" style=\"\"><div class=\"post-desc\"><div class=\"post-head\"><\/div><div class=\"post-title\"><h5 class=\"entry-title\" itemprop=\"headline\"><a href=\"https:\/\/www.drmustafakarakas.com\/fr\/lesthetique-du-nez-est-elle-pratiquee-en-ete.html\">L&#8217;esth\u00e9tique du nez est-elle pratiqu\u00e9e en \u00e9t\u00e9\u00a0?<\/a><\/h5><\/div><div class=\"post-excerpt\">Les chirurgies esth\u00e9tiques du nez n'ont g\u00e9n\u00e9ralement pas de saison. Tant que nos patients respectent nos recommandations, la chirurgie esth\u00e9tique du nez \u00e0 r\u00e9aliser en \u00e9t\u00e9 ne comporte aucun risque suppl\u00e9mentaire.<\/div><div class=\"post-footer\"><div class=\"button-love\"><span class=\"love-text\">Do you like it?<\/span><\/div><div class=\"post-links\"><i class=\"icon-doc-text\"><\/i> <a href=\"https:\/\/www.drmustafakarakas.com\/fr\/lesthetique-du-nez-est-elle-pratiquee-en-ete.html\" class=\"post-more\">Read more<\/a><\/div><\/div><\/div><\/div><\/div><div class=\"post-item isotope-item clearfix post-636 post type-post status-publish format-standard has-post-thumbnail hentry category-genel\" style=\"\"><div class=\"date_label\">17 Ocak 2021<\/div><div class=\"image_frame post-photo-wrapper scale-with-grid image\"><div class=\"image_wrapper\"><a href=\"https:\/\/www.drmustafakarakas.com\/fr\/curieux-de-la-rhinoplastie-esthetique-du-nez.html\"><div class=\"mask\"><\/div><img width=\"960\" height=\"720\" src=\"https:\/\/www.drmustafakarakas.com\/fr\/wp-content\/uploads\/2021\/01\/rinoplasti-burun-estetigi-hakkinda-merak-edilenler-1-960x720.jpg\" class=\"scale-with-grid wp-post-image\" alt=\"\" loading=\"lazy\" srcset=\"https:\/\/www.drmustafakarakas.com\/fr\/wp-content\/uploads\/2021\/01\/rinoplasti-burun-estetigi-hakkinda-merak-edilenler-1-960x720.jpg 960w, https:\/\/www.drmustafakarakas.com\/fr\/wp-content\/uploads\/2021\/01\/rinoplasti-burun-estetigi-hakkinda-merak-edilenler-1-50x39.jpg 50w\" sizes=\"(max-width: 960px) 100vw, 960px\" \/><\/a><div class=\"image_links double\"><a href=\"https:\/\/www.drmustafakarakas.com\/fr\/wp-content\/uploads\/2021\/01\/rinoplasti-burun-estetigi-hakkinda-merak-edilenler-1-1024x800.jpg\" class=\"zoom\" rel=\"prettyphoto\"><i class=\"icon-search\"><\/i><\/a><a href=\"https:\/\/www.drmustafakarakas.com\/fr\/curieux-de-la-rhinoplastie-esthetique-du-nez.html\" class=\"link\"><i class=\"icon-link\"><\/i><\/a><\/div><\/div><\/div><div class=\"post-desc-wrapper bg-\" style=\"\"><div class=\"post-desc\"><div class=\"post-head\"><\/div><div class=\"post-title\"><h5 class=\"entry-title\" itemprop=\"headline\"><a href=\"https:\/\/www.drmustafakarakas.com\/fr\/curieux-de-la-rhinoplastie-esthetique-du-nez.html\">Curieux de la rhinoplastie (esth\u00e9tique du nez)<\/a><\/h5><\/div><div class=\"post-excerpt\">La rhinoplastie est une op\u00e9ration qui s'applique \u00e0 la fois \u00e0 des fins visuelles et fonctionnelles.<\/div><div class=\"post-footer\"><div class=\"button-love\"><span class=\"love-text\">Do you like it?<\/span><\/div><div class=\"post-links\"><i class=\"icon-doc-text\"><\/i> <a href=\"https:\/\/www.drmustafakarakas.com\/fr\/curieux-de-la-rhinoplastie-esthetique-du-nez.html\" class=\"post-more\">Read more<\/a><\/div><\/div><\/div><\/div><\/div><div class=\"post-item isotope-item clearfix post-294 post type-post status-publish format-standard has-post-thumbnail hentry category-genel\" style=\"\"><div class=\"date_label\">21 Eyl\u00fcl 2020<\/div><div class=\"image_frame post-photo-wrapper scale-with-grid image\"><div class=\"image_wrapper\"><a href=\"https:\/\/www.drmustafakarakas.com\/fr\/tarifs-esthetique-du-nez.html\"><div class=\"mask\"><\/div><img width=\"960\" height=\"720\" src=\"https:\/\/www.drmustafakarakas.com\/fr\/wp-content\/uploads\/2020\/09\/burun-estetigi-fiyatlari1-960x720.jpg\" class=\"scale-with-grid wp-post-image\" alt=\"\" loading=\"lazy\" srcset=\"https:\/\/www.drmustafakarakas.com\/fr\/wp-content\/uploads\/2020\/09\/burun-estetigi-fiyatlari1-960x720.jpg 960w, https:\/\/www.drmustafakarakas.com\/fr\/wp-content\/uploads\/2020\/09\/burun-estetigi-fiyatlari1-50x39.jpg 50w\" sizes=\"(max-width: 960px) 100vw, 960px\" \/><\/a><div class=\"image_links double\"><a href=\"https:\/\/www.drmustafakarakas.com\/fr\/wp-content\/uploads\/2020\/09\/burun-estetigi-fiyatlari1-1024x800.jpg\" class=\"zoom\" rel=\"prettyphoto\"><i class=\"icon-search\"><\/i><\/a><a href=\"https:\/\/www.drmustafakarakas.com\/fr\/tarifs-esthetique-du-nez.html\" class=\"link\"><i class=\"icon-link\"><\/i><\/a><\/div><\/div><\/div><div class=\"post-desc-wrapper bg-\" style=\"\"><div class=\"post-desc\"><div class=\"post-head\"><\/div><div class=\"post-title\"><h5 class=\"entry-title\" itemprop=\"headline\"><a href=\"https:\/\/www.drmustafakarakas.com\/fr\/tarifs-esthetique-du-nez.html\">Tarifs Esth\u00e9tique du Nez<\/a><\/h5><\/div><div class=\"post-excerpt\">L'esth\u00e9tique du nez (rhinoplastie) est l'une des op\u00e9rations les plus demand\u00e9es et les plus pratiqu\u00e9es parmi les chirurgies esth\u00e9tiques aujourd'hui. Le nez donne du sens au visage...<\/div><div class=\"post-footer\"><div class=\"button-love\"><span class=\"love-text\">Do you like it?<\/span><\/div><div class=\"post-links\"><i class=\"icon-doc-text\"><\/i> <a href=\"https:\/\/www.drmustafakarakas.com\/fr\/tarifs-esthetique-du-nez.html\" class=\"post-more\">Read more<\/a><\/div><\/div><\/div><\/div><\/div><div class=\"post-item isotope-item clearfix post-290 post type-post status-publish format-standard has-post-thumbnail hentry category-genel\" style=\"\"><div class=\"date_label\">21 Eyl\u00fcl 2020<\/div><div class=\"image_frame post-photo-wrapper scale-with-grid image\"><div class=\"image_wrapper\"><a href=\"https:\/\/www.drmustafakarakas.com\/fr\/chirurgie-du-nez-ferme-et-ses-avantages-en-esthetique-du-nez.html\"><div class=\"mask\"><\/div><img width=\"960\" height=\"720\" src=\"https:\/\/www.drmustafakarakas.com\/fr\/wp-content\/uploads\/2020\/09\/burun-estetiginde-kapali-burun-ameliyati-ve-avantajlari1-960x720.jpg\" class=\"scale-with-grid wp-post-image\" alt=\"\" loading=\"lazy\" srcset=\"https:\/\/www.drmustafakarakas.com\/fr\/wp-content\/uploads\/2020\/09\/burun-estetiginde-kapali-burun-ameliyati-ve-avantajlari1-960x720.jpg 960w, https:\/\/www.drmustafakarakas.com\/fr\/wp-content\/uploads\/2020\/09\/burun-estetiginde-kapali-burun-ameliyati-ve-avantajlari1-50x39.jpg 50w\" sizes=\"(max-width: 960px) 100vw, 960px\" \/><\/a><div class=\"image_links double\"><a href=\"https:\/\/www.drmustafakarakas.com\/fr\/wp-content\/uploads\/2020\/09\/burun-estetiginde-kapali-burun-ameliyati-ve-avantajlari1-1024x800.jpg\" class=\"zoom\" rel=\"prettyphoto\"><i class=\"icon-search\"><\/i><\/a><a href=\"https:\/\/www.drmustafakarakas.com\/fr\/chirurgie-du-nez-ferme-et-ses-avantages-en-esthetique-du-nez.html\" class=\"link\"><i class=\"icon-link\"><\/i><\/a><\/div><\/div><\/div><div class=\"post-desc-wrapper bg-\" style=\"\"><div class=\"post-desc\"><div class=\"post-head\"><\/div><div class=\"post-title\"><h5 class=\"entry-title\" itemprop=\"headline\"><a href=\"https:\/\/www.drmustafakarakas.com\/fr\/chirurgie-du-nez-ferme-et-ses-avantages-en-esthetique-du-nez.html\">Chirurgie du nez ferm\u00e9 et ses avantages en esth\u00e9tique du nez<\/a><\/h5><\/div><div class=\"post-excerpt\">La chirurgie du nez ferm\u00e9 (rhinoplastie ferm\u00e9e) est un type de chirurgie pratiqu\u00e9e \u00e0 l'int\u00e9rieur des narines, et non dans la partie inf\u00e9rieure des narines des incisions.<\/div><div class=\"post-footer\"><div class=\"button-love\"><span class=\"love-text\">Do you like it?<\/span><\/div><div class=\"post-links\"><i class=\"icon-doc-text\"><\/i> <a href=\"https:\/\/www.drmustafakarakas.com\/fr\/chirurgie-du-nez-ferme-et-ses-avantages-en-esthetique-du-nez.html\" class=\"post-more\">Read more<\/a><\/div><\/div><\/div><\/div><\/div><div class=\"post-item isotope-item clearfix post-279 post type-post status-publish format-standard has-post-thumbnail hentry category-genel\" style=\"\"><div class=\"date_label\">21 Eyl\u00fcl 2020<\/div><div class=\"image_frame post-photo-wrapper scale-with-grid image\"><div class=\"image_wrapper\"><a href=\"https:\/\/www.drmustafakarakas.com\/fr\/deviation-courbure-osseuse-nasale.html\"><div class=\"mask\"><\/div><img width=\"960\" height=\"720\" src=\"https:\/\/www.drmustafakarakas.com\/fr\/wp-content\/uploads\/2020\/09\/deviasyon-burun-kemigi-egriligi-1-960x720.jpg\" class=\"scale-with-grid wp-post-image\" alt=\"\" loading=\"lazy\" srcset=\"https:\/\/www.drmustafakarakas.com\/fr\/wp-content\/uploads\/2020\/09\/deviasyon-burun-kemigi-egriligi-1-960x720.jpg 960w, https:\/\/www.drmustafakarakas.com\/fr\/wp-content\/uploads\/2020\/09\/deviasyon-burun-kemigi-egriligi-1-50x39.jpg 50w\" sizes=\"(max-width: 960px) 100vw, 960px\" \/><\/a><div class=\"image_links double\"><a href=\"https:\/\/www.drmustafakarakas.com\/fr\/wp-content\/uploads\/2020\/09\/deviasyon-burun-kemigi-egriligi-1-1024x800.jpg\" class=\"zoom\" rel=\"prettyphoto\"><i class=\"icon-search\"><\/i><\/a><a href=\"https:\/\/www.drmustafakarakas.com\/fr\/deviation-courbure-osseuse-nasale.html\" class=\"link\"><i class=\"icon-link\"><\/i><\/a><\/div><\/div><\/div><div class=\"post-desc-wrapper bg-\" style=\"\"><div class=\"post-desc\"><div class=\"post-head\"><\/div><div class=\"post-title\"><h5 class=\"entry-title\" itemprop=\"headline\"><a href=\"https:\/\/www.drmustafakarakas.com\/fr\/deviation-courbure-osseuse-nasale.html\">D\u00e9viation (courbure osseuse nasale)<\/a><\/h5><\/div><div class=\"post-excerpt\">La d\u00e9viation est expliqu\u00e9e par des courbures qui peuvent se produire dans le cartilage nasal et l'os nasal. Ces courbures qui provoquent des d\u00e9viations, le milieu du nez...<\/div><div class=\"post-footer\"><div class=\"button-love\"><span class=\"love-text\">Do you like it?<\/span><\/div><div class=\"post-links\"><i class=\"icon-doc-text\"><\/i> <a href=\"https:\/\/www.drmustafakarakas.com\/fr\/deviation-courbure-osseuse-nasale.html\" class=\"post-more\">Read more<\/a><\/div><\/div><\/div><\/div><\/div><\/div><\/div>\n<\/div>\n\t\t<\/div>\n\t\t\t\t<\/div>\n\t\t\t\t\t\t<\/div>\n\t\t\t\t\t<\/div>\n\t\t<\/div>\n\t\t\t\t\t\t\t\t<\/div>\n\t\t\t\t\t<\/div>\n\t\t<\/section>\n\t\t\t\t\t\t<\/div>\n\t\t\t\t\t\t<\/div>\n\t\t\t\t\t<\/div>\n\t\t","protected":false},"excerpt":{"rendered":"<p>21 Eyl\u00fcl 2020 Meme B\u00fcy\u00fctme Esteti\u011fi G\u00f6\u011f\u00fcs b\u00fcy\u00fctme estetik ameliyatlar\u0131 meme protezleri ile ger\u00e7ekle\u015fen bir i\u015flemdir. Bu protezlerin \u015fekli ve k\u0131vam\u0131 de\u011fi\u015fkendir. Hastan\u0131n iste\u011fi, g\u00f6\u011f\u00fcs kafesi<span class=\"excerpt-hellip\"> [\u2026]<\/span><\/p>\n","protected":false},"author":1,"featured_media":0,"parent":0,"menu_order":0,"comment_status":"closed","ping_status":"closed","template":"","meta":[],"_links":{"self":[{"href":"https:\/\/www.drmustafakarakas.com\/fr\/wp-json\/wp\/v2\/pages\/300"}],"collection":[{"href":"https:\/\/www.drmustafakarakas.com\/fr\/wp-json\/wp\/v2\/pages"}],"about":[{"href":"https:\/\/www.drmustafakarakas.com\/fr\/wp-json\/wp\/v2\/types\/page"}],"author":[{"embeddable":true,"href":"https:\/\/www.drmustafakarakas.com\/fr\/wp-json\/wp\/v2\/users\/1"}],"replies":[{"embeddable":true,"href":"https:\/\/www.drmustafakarakas.com\/fr\/wp-json\/wp\/v2\/comments?post=300"}],"version-history":[{"count":4,"href":"https:\/\/www.drmustafakarakas.com\/fr\/wp-json\/wp\/v2\/pages\/300\/revisions"}],"predecessor-version":[{"id":627,"href":"https:\/\/www.drmustafakarakas.com\/fr\/wp-json\/wp\/v2\/pages\/300\/revisions\/627"}],"wp:attachment":[{"href":"https:\/\/www.drmustafakarakas.com\/fr\/wp-json\/wp\/v2\/media?parent=300"}],"curies":[{"name":"wp","href":"https:\/\/api.w.org\/{rel}","templated":true}]}}